{"id":6674,"date":"2025-04-20T12:38:00","date_gmt":"2025-04-20T15:38:00","guid":{"rendered":"https:\/\/terragold.vlmais.com.br\/wc2\/?product=albali-crianza"},"modified":"2026-04-14T16:36:52","modified_gmt":"2026-04-14T19:36:52","slug":"albali-crianza","status":"publish","type":"product","link":"https:\/\/terragold.com.br\/?product=albali-crianza","title":{"rendered":"Albali &#8211; Crianza"},"content":{"rendered":"<p>O vin\u00e3 albali tempranillo crianza \u00e9 um vinho fino, tinto, seco, elaborado com uvas tempranillo pela vin\u00edcola f\u00e9liz solis na denomina\u00e7\u00e3o de origem valdepen\u00e3s na espanha.<\/p>\n","protected":false},"excerpt":{"rendered":"<p>O vin\u00e3 albali tempranillo crianza \u00e9 um vinho fino, tinto, seco, elaborado com uvas tempranillo pela vin\u00edcola f\u00e9liz solis na denomina\u00e7\u00e3o de origem valdepen\u00e3s na espanha.<\/p>\n","protected":false},"featured_media":7181,"comment_status":"open","ping_status":"closed","template":"","meta":{"_eb_attr":"","_uag_custom_page_level_css":"","site-sidebar-layout":"default","site-content-layout":"","ast-site-content-layout":"default","site-content-style":"default","site-sidebar-style":"default","ast-global-header-display":"","ast-banner-title-visibility":"","ast-main-header-display":"","ast-hfb-above-header-display":"","ast-hfb-below-header-display":"","ast-hfb-mobile-header-display":"","site-post-title":"","ast-breadcrumbs-content":"","ast-featured-img":"","footer-sml-layout":"","ast-disable-related-posts":"","theme-transparent-header-meta":"default","adv-header-id-meta":"","stick-header-meta":"","header-above-stick-meta":"","header-main-stick-meta":"","header-below-stick-meta":"","astra-migrate-meta-layouts":"set","ast-page-background-enabled":"default","ast-page-background-meta":{"desktop":{"background-color":"","background-image":"","background-repeat":"repeat","background-position":"center center","background-size":"auto","background-attachment":"scroll","background-type":"","background-media":"","overlay-type":"","overlay-color":"","overlay-opacity":"","overlay-gradient":""},"tablet":{"background-color":"","background-image":"","background-repeat":"repeat","background-position":"center center","background-size":"auto","background-attachment":"scroll","background-type":"","background-media":"","overlay-type":"","overlay-color":"","overlay-opacity":"","overlay-gradient":""},"mobile":{"background-color":"","background-image":"","background-repeat":"repeat","background-position":"center center","background-size":"auto","background-attachment":"scroll","background-type":"","background-media":"","overlay-type":"","overlay-color":"","overlay-opacity":"","overlay-gradient":""}},"ast-content-background-meta":{"desktop":{"background-color":"var(--ast-global-color-5)","background-image":"","background-repeat":"repeat","background-position":"center center","background-size":"auto","background-attachment":"scroll","background-type":"","background-media":"","overlay-type":"","overlay-color":"","overlay-opacity":"","overlay-gradient":""},"tablet":{"background-color":"var(--ast-global-color-5)","background-image":"","background-repeat":"repeat","background-position":"center center","background-size":"auto","background-attachment":"scroll","background-type":"","background-media":"","overlay-type":"","overlay-color":"","overlay-opacity":"","overlay-gradient":""},"mobile":{"background-color":"var(--ast-global-color-5)","background-image":"","background-repeat":"repeat","background-position":"center center","background-size":"auto","background-attachment":"scroll","background-type":"","background-media":"","overlay-type":"","overlay-color":"","overlay-opacity":"","overlay-gradient":""}}},"product_brand":[],"product_cat":[23],"product_tag":[],"class_list":{"0":"post-6674","1":"product","2":"type-product","3":"status-publish","4":"has-post-thumbnail","6":"product_cat-sem-categoria","7":"desktop-align-center","8":"tablet-align-center","9":"mobile-align-center","11":"first","12":"instock","13":"featured","14":"shipping-taxable","15":"purchasable","16":"product-type-simple"},"uagb_featured_image_src":{"full":["https:\/\/terragold.com.br\/wp-content\/uploads\/2025\/04\/image-31-1.png",241,769,false],"thumbnail":["https:\/\/terragold.com.br\/wp-content\/uploads\/2025\/04\/image-31-1-150x150.png",150,150,true],"medium":["https:\/\/terragold.com.br\/wp-content\/uploads\/2025\/04\/image-31-1-94x300.png",94,300,true],"medium_large":["https:\/\/terragold.com.br\/wp-content\/uploads\/2025\/04\/image-31-1.png",241,769,false],"large":["https:\/\/terragold.com.br\/wp-content\/uploads\/2025\/04\/image-31-1.png",241,769,false],"1536x1536":["https:\/\/terragold.com.br\/wp-content\/uploads\/2025\/04\/image-31-1.png",241,769,false],"2048x2048":["https:\/\/terragold.com.br\/wp-content\/uploads\/2025\/04\/image-31-1.png",241,769,false],"woocommerce_thumbnail":["https:\/\/terragold.com.br\/wp-content\/uploads\/2025\/04\/image-31-1.png",241,769,false],"woocommerce_single":["https:\/\/terragold.com.br\/wp-content\/uploads\/2025\/04\/image-31-1.png",241,769,false],"woocommerce_gallery_thumbnail":["https:\/\/terragold.com.br\/wp-content\/uploads\/2025\/04\/image-31-1-100x100.png",100,100,true]},"uagb_author_info":{"display_name":"admin","author_link":"https:\/\/terragold.com.br\/?author=0"},"uagb_comment_info":0,"uagb_excerpt":"O vin\u00e3 albali tempranillo crianza \u00e9 um vinho fino, tinto, seco, elaborado com uvas tempranillo pela vin\u00edcola f\u00e9liz solis na denomina\u00e7\u00e3o de origem valdepen\u00e3s na espanha.","_links":{"self":[{"href":"https:\/\/terragold.com.br\/index.php?rest_route=\/wp\/v2\/product\/6674","targetHints":{"allow":["GET"]}}],"collection":[{"href":"https:\/\/terragold.com.br\/index.php?rest_route=\/wp\/v2\/product"}],"about":[{"href":"https:\/\/terragold.com.br\/index.php?rest_route=\/wp\/v2\/types\/product"}],"replies":[{"embeddable":true,"href":"https:\/\/terragold.com.br\/index.php?rest_route=%2Fwp%2Fv2%2Fcomments&post=6674"}],"wp:featuredmedia":[{"embeddable":true,"href":"https:\/\/terragold.com.br\/index.php?rest_route=\/wp\/v2\/media\/7181"}],"wp:attachment":[{"href":"https:\/\/terragold.com.br\/index.php?rest_route=%2Fwp%2Fv2%2Fmedia&parent=6674"}],"wp:term":[{"taxonomy":"product_brand","embeddable":true,"href":"https:\/\/terragold.com.br\/index.php?rest_route=%2Fwp%2Fv2%2Fproduct_brand&post=6674"},{"taxonomy":"product_cat","embeddable":true,"href":"https:\/\/terragold.com.br\/index.php?rest_route=%2Fwp%2Fv2%2Fproduct_cat&post=6674"},{"taxonomy":"product_tag","embeddable":true,"href":"https:\/\/terragold.com.br\/index.php?rest_route=%2Fwp%2Fv2%2Fproduct_tag&post=6674"}],"curies":[{"name":"wp","href":"https:\/\/api.w.org\/{rel}","templated":true}]}}