{"id":6612,"date":"2025-04-20T12:37:54","date_gmt":"2025-04-20T15:37:54","guid":{"rendered":"https:\/\/terragold.vlmais.com.br\/wc2\/?product=le-casine-chianti"},"modified":"2026-04-14T16:36:52","modified_gmt":"2026-04-14T19:36:52","slug":"le-casine-chianti","status":"publish","type":"product","link":"https:\/\/terragold.com.br\/?product=le-casine-chianti","title":{"rendered":"Le Casine Chianti"},"content":{"rendered":"<p>O chianti se tornou um vinho de grande aceita\u00e7\u00e3o. totalmente associado \u00e0 mesa, \u00e9 uma das melhores harmoniza\u00e7\u00f5es com culin\u00e1ria italiana. vinho proveniente da regi\u00e3o chianti &#8211; toscana.<\/p>\n<p><img loading=\"lazy\" decoding=\"async\" class=\"wp-image-6895 alignnone size-medium\" src=\"https:\/\/terragold.com.br\/wc2\/wp-content\/uploads\/2025\/04\/image-63.png\" alt=\"\" width=\"87\" height=\"300\" \/><\/p>\n","protected":false},"excerpt":{"rendered":"<p>O chianti se tornou um vinho de grande aceita\u00e7\u00e3o. totalmente associado \u00e0 mesa, \u00e9 uma das melhores harmoniza\u00e7\u00f5es com culin\u00e1ria italiana. vinho proveniente da regi\u00e3o chianti &#8211; toscana.<\/p>\n","protected":false},"featured_media":7149,"comment_status":"open","ping_status":"closed","template":"","meta":{"_eb_attr":"","_uag_custom_page_level_css":"","site-sidebar-layout":"default","site-content-layout":"","ast-site-content-layout":"default","site-content-style":"default","site-sidebar-style":"default","ast-global-header-display":"","ast-banner-title-visibility":"","ast-main-header-display":"","ast-hfb-above-header-display":"","ast-hfb-below-header-display":"","ast-hfb-mobile-header-display":"","site-post-title":"","ast-breadcrumbs-content":"","ast-featured-img":"","footer-sml-layout":"","ast-disable-related-posts":"","theme-transparent-header-meta":"default","adv-header-id-meta":"","stick-header-meta":"","header-above-stick-meta":"","header-main-stick-meta":"","header-below-stick-meta":"","astra-migrate-meta-layouts":"set","ast-page-background-enabled":"default","ast-page-background-meta":{"desktop":{"background-color":"","background-image":"","background-repeat":"repeat","background-position":"center center","background-size":"auto","background-attachment":"scroll","background-type":"","background-media":"","overlay-type":"","overlay-color":"","overlay-opacity":"","overlay-gradient":""},"tablet":{"background-color":"","background-image":"","background-repeat":"repeat","background-position":"center center","background-size":"auto","background-attachment":"scroll","background-type":"","background-media":"","overlay-type":"","overlay-color":"","overlay-opacity":"","overlay-gradient":""},"mobile":{"background-color":"","background-image":"","background-repeat":"repeat","background-position":"center center","background-size":"auto","background-attachment":"scroll","background-type":"","background-media":"","overlay-type":"","overlay-color":"","overlay-opacity":"","overlay-gradient":""}},"ast-content-background-meta":{"desktop":{"background-color":"var(--ast-global-color-5)","background-image":"","background-repeat":"repeat","background-position":"center center","background-size":"auto","background-attachment":"scroll","background-type":"","background-media":"","overlay-type":"","overlay-color":"","overlay-opacity":"","overlay-gradient":""},"tablet":{"background-color":"var(--ast-global-color-5)","background-image":"","background-repeat":"repeat","background-position":"center center","background-size":"auto","background-attachment":"scroll","background-type":"","background-media":"","overlay-type":"","overlay-color":"","overlay-opacity":"","overlay-gradient":""},"mobile":{"background-color":"var(--ast-global-color-5)","background-image":"","background-repeat":"repeat","background-position":"center center","background-size":"auto","background-attachment":"scroll","background-type":"","background-media":"","overlay-type":"","overlay-color":"","overlay-opacity":"","overlay-gradient":""}}},"product_brand":[],"product_cat":[23],"product_tag":[],"class_list":{"0":"post-6612","1":"product","2":"type-product","3":"status-publish","4":"has-post-thumbnail","6":"product_cat-sem-categoria","7":"desktop-align-center","8":"tablet-align-center","9":"mobile-align-center","11":"first","12":"instock","13":"featured","14":"shipping-taxable","15":"purchasable","16":"product-type-simple"},"uagb_featured_image_src":{"full":["https:\/\/terragold.com.br\/wp-content\/uploads\/2025\/04\/image-63-1.png",201,691,false],"thumbnail":["https:\/\/terragold.com.br\/wp-content\/uploads\/2025\/04\/image-63-1-150x150.png",150,150,true],"medium":["https:\/\/terragold.com.br\/wp-content\/uploads\/2025\/04\/image-63-1-87x300.png",87,300,true],"medium_large":["https:\/\/terragold.com.br\/wp-content\/uploads\/2025\/04\/image-63-1.png",201,691,false],"large":["https:\/\/terragold.com.br\/wp-content\/uploads\/2025\/04\/image-63-1.png",201,691,false],"1536x1536":["https:\/\/terragold.com.br\/wp-content\/uploads\/2025\/04\/image-63-1.png",201,691,false],"2048x2048":["https:\/\/terragold.com.br\/wp-content\/uploads\/2025\/04\/image-63-1.png",201,691,false],"woocommerce_thumbnail":["https:\/\/terragold.com.br\/wp-content\/uploads\/2025\/04\/image-63-1.png",201,691,false],"woocommerce_single":["https:\/\/terragold.com.br\/wp-content\/uploads\/2025\/04\/image-63-1.png",201,691,false],"woocommerce_gallery_thumbnail":["https:\/\/terragold.com.br\/wp-content\/uploads\/2025\/04\/image-63-1-100x100.png",100,100,true]},"uagb_author_info":{"display_name":"admin","author_link":"https:\/\/terragold.com.br\/?author=0"},"uagb_comment_info":0,"uagb_excerpt":"O chianti se tornou um vinho de grande aceita\u00e7\u00e3o. totalmente associado \u00e0 mesa, \u00e9 uma das melhores harmoniza\u00e7\u00f5es com culin\u00e1ria italiana. vinho proveniente da regi\u00e3o chianti - toscana.","_links":{"self":[{"href":"https:\/\/terragold.com.br\/index.php?rest_route=\/wp\/v2\/product\/6612","targetHints":{"allow":["GET"]}}],"collection":[{"href":"https:\/\/terragold.com.br\/index.php?rest_route=\/wp\/v2\/product"}],"about":[{"href":"https:\/\/terragold.com.br\/index.php?rest_route=\/wp\/v2\/types\/product"}],"replies":[{"embeddable":true,"href":"https:\/\/terragold.com.br\/index.php?rest_route=%2Fwp%2Fv2%2Fcomments&post=6612"}],"wp:featuredmedia":[{"embeddable":true,"href":"https:\/\/terragold.com.br\/index.php?rest_route=\/wp\/v2\/media\/7149"}],"wp:attachment":[{"href":"https:\/\/terragold.com.br\/index.php?rest_route=%2Fwp%2Fv2%2Fmedia&parent=6612"}],"wp:term":[{"taxonomy":"product_brand","embeddable":true,"href":"https:\/\/terragold.com.br\/index.php?rest_route=%2Fwp%2Fv2%2Fproduct_brand&post=6612"},{"taxonomy":"product_cat","embeddable":true,"href":"https:\/\/terragold.com.br\/index.php?rest_route=%2Fwp%2Fv2%2Fproduct_cat&post=6612"},{"taxonomy":"product_tag","embeddable":true,"href":"https:\/\/terragold.com.br\/index.php?rest_route=%2Fwp%2Fv2%2Fproduct_tag&post=6612"}],"curies":[{"name":"wp","href":"https:\/\/api.w.org\/{rel}","templated":true}]}}