{"id":59,"date":"2025-04-24T19:40:50","date_gmt":"2025-04-24T22:40:50","guid":{"rendered":"https:\/\/terragold.vlmais.com.br\/wc2\/?page_id=59"},"modified":"2025-05-02T12:58:16","modified_gmt":"2025-05-02T15:58:16","slug":"about","status":"publish","type":"page","link":"https:\/\/terragold.com.br\/?page_id=59","title":{"rendered":"Sobre"},"content":{"rendered":"\n<div class=\"wp-block-uagb-container uagb-block-1b3539fb alignwide uagb-is-root-container\"><\/div>\n\n\n\n<div class=\"wp-block-group is-layout-flow wp-block-group-is-layout-flow\" style=\"margin-top:0;margin-bottom:0;padding-top:0;padding-right:var(--wp--preset--spacing--30);padding-bottom:0;padding-left:var(--wp--preset--spacing--30)\">\n<div class=\"wp-block-group has-ast-global-color-4-background-color has-background is-layout-constrained wp-block-group-is-layout-constrained\">\n<p><\/p>\n\n\n\n<div class=\"wp-block-uagb-advanced-heading uagb-block-1e9f933f\"><h1 class=\"uagb-heading-text\"> A TERRAGOLD<\/h1><\/div>\n\n\n\n<div class=\"wp-block-uagb-advanced-heading uagb-block-703533f5\"><h3 class=\"uagb-heading-text\"><strong>Seja Muito Bem Vindo!<\/strong><\/h3><\/div>\n\n\n\n<div class=\"wp-block-group is-layout-constrained wp-block-group-is-layout-constrained\">\n<div class=\"wp-block-uagb-image alignright uagb-block-28cefb8d wp-block-uagb-image--layout-default wp-block-uagb-image--effect-static wp-block-uagb-image--align-right\"><figure class=\"wp-block-uagb-image__figure\"><img decoding=\"async\" srcset=\"https:\/\/terragold.com.br\/wp-content\/uploads\/2025\/04\/loja3.jpg ,https:\/\/terragold.com.br\/wp-content\/uploads\/2025\/04\/loja3-300x200.jpg 780w, https:\/\/terragold.com.br\/wp-content\/uploads\/2025\/04\/loja3-300x200.jpg 360w\" sizes=\"auto, (max-width: 480px) 150px\" src=\"https:\/\/terragold.com.br\/wp-content\/uploads\/2025\/04\/loja3.jpg\" alt=\"\" class=\"uag-image-7258\" width=\"600\" height=\"400\" title=\"\" loading=\"lazy\" role=\"presentation\"\/><\/figure><\/div>\n\n\n\n<div class=\"wp-block-group is-layout-constrained wp-block-group-is-layout-constrained\" style=\"font-size:17px;line-height:1.7\">\n<p> Mais que um Emp\u00f3rio de Vinhos, Queijos, Antepastos e outras del\u00edcias \u2014 nos dedicamos apaixonadamente para oferecer uma experi\u00eancia sensorial especial, \u00fanica, completa, constru\u00edda com paix\u00e3o e autenticidade.<\/p>\n\n\n\n<p>Somos especializados em vinhos, queijos, antepastos, cestas presente e outras del\u00edcias cuidadosamente selecionadas.<\/p>\n\n\n\n<p>Cada r\u00f3tulo conta uma hist\u00f3ria, desperta mem\u00f3rias e conecta pessoas. Cada item do nosso cat\u00e1logo \u00e9 escolhido com rigor para garantir qualidade excepcional sem comprometer o bolso, porque acreditamos que excel\u00eancia deve ser acess\u00edvel.<\/p>\n\n\n\n<p>Nossa sele\u00e7\u00e3o de antepastos valoriza o trabalho de microempreendedores; s\u00e3o produtos artesanais da mais alta qualidade e sabores singulares.<\/p>\n\n\n\n<p>Queremos que cada cliente tenha sempre a oportunidade de descobrir algo novo e especial.<\/p>\n\n\n\n<p>A Terra Gold foi criada para quem aprecia mais do que produtos: para quem busca experi\u00eancias verdadeiras, momentos que ficam na mem\u00f3ria.<\/p>\n<\/div>\n<\/div>\n<\/div>\n\n\n\n<div class=\"wp-block-group has-ast-global-color-4-background-color has-background is-layout-constrained wp-block-group-is-layout-constrained\">\n<div class=\"wp-block-uagb-advanced-heading uagb-block-d445d8b6\"><h2 class=\"uagb-heading-text\">Nossa Hist\u00f3ria<\/h2><\/div>\n\n\n\n<div class=\"wp-block-group is-layout-constrained wp-block-group-is-layout-constrained\">\n<div class=\"wp-block-uagb-image alignleft uagb-block-bd40690d wp-block-uagb-image--layout-default wp-block-uagb-image--effect-static wp-block-uagb-image--align-left\"><figure class=\"wp-block-uagb-image__figure\"><img loading=\"lazy\" decoding=\"async\" srcset=\"https:\/\/terragold.com.br\/wp-content\/uploads\/2025\/04\/about1-e1745720263781.jpg ,https:\/\/terragold.com.br\/wp-content\/uploads\/2025\/04\/about1-e1745720263781.jpg 780w, https:\/\/terragold.com.br\/wp-content\/uploads\/2025\/04\/about1-e1745720263781-193x300.jpg 360w\" sizes=\"auto, (max-width: 480px) 150px\" src=\"https:\/\/terragold.com.br\/wp-content\/uploads\/2025\/04\/about1-e1745720263781.jpg\" alt=\"\" class=\"uag-image-7213\" width=\"400\" height=\"621\" title=\"\" role=\"presentation\"\/><\/figure><\/div>\n\n\n\n<div class=\"wp-block-group is-layout-constrained wp-block-group-is-layout-constrained\">\n<p>Depois de tanta luta, um sonho virou realidade. Posso continuar contando com voc\u00eas?<\/p>\n\n\n\n<p>Quando decidi abrir um emp\u00f3rio de vinhos, queijos e del\u00edcias, muitos disseram que era loucura.<br>O mercado saturado e a instabilidade tornavam o desafio ainda maior.<br>Foram dias e noites de trabalho intenso, ajustes e muita f\u00e9.<\/p>\n\n\n\n<p>Mas acreditei no meu sonho, na minha capacidade e na for\u00e7a da minha hist\u00f3ria. Assim, transformamos desafios em crescimento.<\/p>\n\n\n\n<p>Empreender num mercado competitivo n\u00e3o \u00e9 f\u00e1cil. Mas com amor, persist\u00eancia e verdade, os caminhos se abrem.<\/p>\n\n\n\n<p>Hoje, olhando para tr\u00e1s, vejo o quanto superamos: neg\u00f3cios em expans\u00e3o, clientes satisfeitos e uma comunidade que valoriza a experi\u00eancia que oferecemos.<\/p>\n\n\n\n<p>O que aprendi? Que inovar \u00e9 importante, mas acreditar no que fazemos \u00e9 o verdadeiro combust\u00edvel para o sucesso.<\/p>\n\n\n\n<p>N\u00e3o \u00e9 apenas um pedido: \u00e9 uma experi\u00eancia Terra Gold que chega at\u00e9 voc\u00ea.<\/p>\n\n\n\n<p>Gratid\u00e3o imensa a cada um de voc\u00eas que faz parte dessa hist\u00f3ria.<\/p>\n\n\n\n<div class=\"wp-block-uagb-advanced-heading uagb-block-be5f9f3c\"><h5 class=\"uagb-heading-text\">Muito obrigado por estarem ao nosso lado!<\/h5><\/div>\n<\/div>\n<\/div>\n<\/div>\n<\/div>\n\n\n\n<p><\/p>\n\n\n\n<p><\/p>\n","protected":false},"excerpt":{"rendered":"<p>A TERRAGOLD Seja Muito Bem Vindo! Mais que um Emp\u00f3rio de Vinhos, Queijos, Antepastos e outras del\u00edcias \u2014 nos dedicamos apaixonadamente para oferecer uma experi\u00eancia sensorial especial, \u00fanica, completa, constru\u00edda com paix\u00e3o e autenticidade. Somos especializados em vinhos, queijos, antepastos, cestas presente e outras del\u00edcias cuidadosamente selecionadas. Cada r\u00f3tulo conta uma hist\u00f3ria, desperta mem\u00f3rias e [&hellip;]<\/p>\n","protected":false},"author":1,"featured_media":0,"parent":0,"menu_order":0,"comment_status":"closed","ping_status":"closed","template":"","meta":{"_eb_attr":"","_uag_custom_page_level_css":"","site-sidebar-layout":"no-sidebar","site-content-layout":"plain-container","ast-site-content-layout":"full-width-container","site-content-style":"default","site-sidebar-style":"default","ast-global-header-display":"","ast-banner-title-visibility":"","ast-main-header-display":"","ast-hfb-above-header-display":"","ast-hfb-below-header-display":"","ast-hfb-mobile-header-display":"","site-post-title":"disabled","ast-breadcrumbs-content":"","ast-featured-img":"","footer-sml-layout":"","ast-disable-related-posts":"","theme-transparent-header-meta":"enabled","adv-header-id-meta":"","stick-header-meta":"","header-above-stick-meta":"","header-main-stick-meta":"","header-below-stick-meta":"","astra-migrate-meta-layouts":"set","ast-page-background-enabled":"default","ast-page-background-meta":{"desktop":{"background-color":"","background-image":"","background-repeat":"repeat","background-position":"center center","background-size":"auto","background-attachment":"scroll","background-type":"","background-media":"","overlay-type":"","overlay-color":"","overlay-opacity":"","overlay-gradient":""},"tablet":{"background-color":"","background-image":"","background-repeat":"repeat","background-position":"center center","background-size":"auto","background-attachment":"scroll","background-type":"","background-media":"","overlay-type":"","overlay-color":"","overlay-opacity":"","overlay-gradient":""},"mobile":{"background-color":"","background-image":"","background-repeat":"repeat","background-position":"center center","background-size":"auto","background-attachment":"scroll","background-type":"","background-media":"","overlay-type":"","overlay-color":"","overlay-opacity":"","overlay-gradient":""}},"ast-content-background-meta":{"desktop":{"background-color":"var(--ast-global-color-5)","background-image":"","background-repeat":"repeat","background-position":"center center","background-size":"auto","background-attachment":"scroll","background-type":"","background-media":"","overlay-type":"","overlay-color":"","overlay-opacity":"","overlay-gradient":""},"tablet":{"background-color":"var(--ast-global-color-5)","background-image":"","background-repeat":"repeat","background-position":"center center","background-size":"auto","background-attachment":"scroll","background-type":"","background-media":"","overlay-type":"","overlay-color":"","overlay-opacity":"","overlay-gradient":""},"mobile":{"background-color":"var(--ast-global-color-5)","background-image":"","background-repeat":"repeat","background-position":"center center","background-size":"auto","background-attachment":"scroll","background-type":"","background-media":"","overlay-type":"","overlay-color":"","overlay-opacity":"","overlay-gradient":""}},"footnotes":""},"class_list":["post-59","page","type-page","status-publish","hentry"],"uagb_featured_image_src":{"full":false,"thumbnail":false,"medium":false,"medium_large":false,"large":false,"1536x1536":false,"2048x2048":false,"woocommerce_thumbnail":false,"woocommerce_single":false,"woocommerce_gallery_thumbnail":false},"uagb_author_info":{"display_name":"admin","author_link":"https:\/\/terragold.com.br\/?author=1"},"uagb_comment_info":0,"uagb_excerpt":"A TERRAGOLD Seja Muito Bem Vindo! Mais que um Emp\u00f3rio de Vinhos, Queijos, Antepastos e outras del\u00edcias \u2014 nos dedicamos apaixonadamente para oferecer uma experi\u00eancia sensorial especial, \u00fanica, completa, constru\u00edda com paix\u00e3o e autenticidade. Somos especializados em vinhos, queijos, antepastos, cestas presente e outras del\u00edcias cuidadosamente selecionadas. Cada r\u00f3tulo conta uma hist\u00f3ria, desperta mem\u00f3rias e&hellip;","_links":{"self":[{"href":"https:\/\/terragold.com.br\/index.php?rest_route=\/wp\/v2\/pages\/59","targetHints":{"allow":["GET"]}}],"collection":[{"href":"https:\/\/terragold.com.br\/index.php?rest_route=\/wp\/v2\/pages"}],"about":[{"href":"https:\/\/terragold.com.br\/index.php?rest_route=\/wp\/v2\/types\/page"}],"author":[{"embeddable":true,"href":"https:\/\/terragold.com.br\/index.php?rest_route=\/wp\/v2\/users\/1"}],"replies":[{"embeddable":true,"href":"https:\/\/terragold.com.br\/index.php?rest_route=%2Fwp%2Fv2%2Fcomments&post=59"}],"version-history":[{"count":108,"href":"https:\/\/terragold.com.br\/index.php?rest_route=\/wp\/v2\/pages\/59\/revisions"}],"predecessor-version":[{"id":7549,"href":"https:\/\/terragold.com.br\/index.php?rest_route=\/wp\/v2\/pages\/59\/revisions\/7549"}],"wp:attachment":[{"href":"https:\/\/terragold.com.br\/index.php?rest_route=%2Fwp%2Fv2%2Fmedia&parent=59"}],"curies":[{"name":"wp","href":"https:\/\/api.w.org\/{rel}","templated":true}]}}